{"id":14132,"date":"2022-08-30T08:05:24","date_gmt":"2022-08-30T05:05:24","guid":{"rendered":"https:\/\/goodpointchemicals.com\/pood\/uncategorized\/covid-19-kiirtest-newgene-koduseks-kasutuseks-ninast\/"},"modified":"2024-12-23T18:13:57","modified_gmt":"2024-12-23T16:13:57","slug":"covid-19-kiirtest-newgene-koduseks-kasutuseks-ninast","status":"publish","type":"product","link":"https:\/\/goodpointchemicals.com\/en\/pood\/covid-19-rapid-tests\/covid-19-kiirtest-newgene-koduseks-kasutuseks-ninast\/","title":{"rendered":"COVID-19 kiirtest NEWGENE koduseks kasutuseks (ninast)"},"content":{"rendered":"<p>Newgene on Euroopa Liidus kindlaks m\u00e4\u00e4ratud t\u00f5ep\u00e4rase tulemusega (verifitseeritud) antigeeni kiirtest. SARS-CoV-2 Newgene antigeeni kiirtesti komplekt tuvastab COVID-19 \u00e4gedas faasis hetke infektsiooni, kui koroonaviirust esineb hingamisteedes endiselt suures koguses. See t\u00e4hendab, et testides saab teada, kes on reaalselt nakkusohtlik.<\/p>\n<p>Newgene on sertifitseeritud koduseks kasutamiseks m\u00f5eldud test.<\/p>\n<p>Testimine aitab olukorda kontrolli all hoida ja peatada viiruse ulatuslikuma leviku.<\/p>\n<p>Newgene kiirtest on \u00fcks v\u00e4hestest kiirtestidest, mis on saanud Euroopas teavitatud asutuse ehk Notified Body kinnituse. Viimase tunnistuseks on tootele omistatud EC sertifikaat.<\/p>\n<p>See t\u00e4hendab, et Newgene kiirtest on n\u00f5uetekohase vastavushindamise l\u00e4binud, kehtib tootja vastutus ja kasutusjuhend on koostatud tavakasutajat silmas pidades.<\/p>\n<h4>Komplekt sisaldab<\/h4>\n<ol>\n<li>Testkaart<\/li>\n<li>Prooviv\u00f5tutoru ja katsuti kork<\/li>\n<li>Prooviv\u00f5tu tampoon<\/li>\n<li>Kasutusjuhend<\/li>\n<\/ol>\n<h4>Kui t\u00e4pne on test?<\/h4>\n<p>Suhteline tundlikkus: 97,1%<\/p>\n<p>T\u00e4psus: 98,4%<\/p>\n<p>Suhteline spetsiifilisus: 99,2%<\/p>\n","protected":false},"excerpt":{"rendered":"<p>Newgene on Euroopa Liidus kindlaks m\u00e4\u00e4ratud t\u00f5ep\u00e4rase tulemusega (verifitseeritud) antigeeni kiirtest. SARS-CoV-2 Newgene antigeeni kiirtesti komplekt tuvastab COVID-19 \u00e4gedas faasis<\/p>\n","protected":false},"featured_media":14133,"template":"","meta":[],"product_brand":[],"product_cat":[187],"product_tag":[],"class_list":{"0":"post-14132","1":"product","2":"type-product","3":"status-publish","4":"has-post-thumbnail","6":"product_cat-covid-19-rapid-tests","8":"first","9":"outofstock","10":"taxable","11":"shipping-taxable","12":"purchasable","13":"product-type-simple"},"acf":[],"yoast_head":"<!-- This site is optimized with the Yoast SEO plugin v25.8 - https:\/\/yoast.com\/wordpress\/plugins\/seo\/ -->\n<title>COVID-19 kiirtest NEWGENE koduseks kasutuseks (ninast) | Goodpoint Chemicals<\/title>\n<meta name=\"robots\" content=\"index, follow, max-snippet:-1, max-image-preview:large, max-video-preview:-1\" \/>\n<link rel=\"canonical\" href=\"https:\/\/goodpointchemicals.com\/en\/pood\/covid-19-rapid-tests\/covid-19-kiirtest-newgene-koduseks-kasutuseks-ninast\/\" \/>\n<meta property=\"og:locale\" content=\"en_US\" \/>\n<meta property=\"og:type\" content=\"article\" \/>\n<meta property=\"og:title\" content=\"COVID-19 kiirtest NEWGENE koduseks kasutuseks (ninast) | Goodpoint Chemicals\" \/>\n<meta property=\"og:description\" content=\"Newgene on Euroopa Liidus kindlaks m\u00e4\u00e4ratud t\u00f5ep\u00e4rase tulemusega (verifitseeritud) antigeeni kiirtest. SARS-CoV-2 Newgene antigeeni kiirtesti komplekt tuvastab COVID-19 \u00e4gedas faasis\" \/>\n<meta property=\"og:url\" content=\"https:\/\/goodpointchemicals.com\/en\/pood\/covid-19-rapid-tests\/covid-19-kiirtest-newgene-koduseks-kasutuseks-ninast\/\" \/>\n<meta property=\"og:site_name\" content=\"Goodpoint Chemicals\" \/>\n<meta property=\"article:modified_time\" content=\"2024-12-23T16:13:57+00:00\" \/>\n<meta property=\"og:image\" content=\"https:\/\/goodpointchemicals.com\/wp-content\/uploads\/2024\/11\/newgene-kiirtest-1.jpg\" \/>\n\t<meta property=\"og:image:width\" content=\"1000\" \/>\n\t<meta property=\"og:image:height\" content=\"670\" \/>\n\t<meta property=\"og:image:type\" content=\"image\/jpeg\" \/>\n<meta name=\"twitter:card\" content=\"summary_large_image\" \/>\n<meta name=\"twitter:label1\" content=\"Est. reading time\" \/>\n\t<meta name=\"twitter:data1\" content=\"1 minute\" \/>\n<script type=\"application\/ld+json\" class=\"yoast-schema-graph\">{\"@context\":\"https:\/\/schema.org\",\"@graph\":[{\"@type\":\"WebPage\",\"@id\":\"https:\/\/goodpointchemicals.com\/en\/pood\/covid-19-rapid-tests\/covid-19-kiirtest-newgene-koduseks-kasutuseks-ninast\/\",\"url\":\"https:\/\/goodpointchemicals.com\/en\/pood\/covid-19-rapid-tests\/covid-19-kiirtest-newgene-koduseks-kasutuseks-ninast\/\",\"name\":\"COVID-19 kiirtest NEWGENE koduseks kasutuseks (ninast) | Goodpoint Chemicals\",\"isPartOf\":{\"@id\":\"https:\/\/goodpointchemicals.com\/en\/#website\"},\"primaryImageOfPage\":{\"@id\":\"https:\/\/goodpointchemicals.com\/en\/pood\/covid-19-rapid-tests\/covid-19-kiirtest-newgene-koduseks-kasutuseks-ninast\/#primaryimage\"},\"image\":{\"@id\":\"https:\/\/goodpointchemicals.com\/en\/pood\/covid-19-rapid-tests\/covid-19-kiirtest-newgene-koduseks-kasutuseks-ninast\/#primaryimage\"},\"thumbnailUrl\":\"https:\/\/goodpointchemicals.com\/wp-content\/uploads\/2024\/11\/newgene-kiirtest-1.jpg\",\"datePublished\":\"2022-08-30T05:05:24+00:00\",\"dateModified\":\"2024-12-23T16:13:57+00:00\",\"breadcrumb\":{\"@id\":\"https:\/\/goodpointchemicals.com\/en\/pood\/covid-19-rapid-tests\/covid-19-kiirtest-newgene-koduseks-kasutuseks-ninast\/#breadcrumb\"},\"inLanguage\":\"en-US\",\"potentialAction\":[{\"@type\":\"ReadAction\",\"target\":[\"https:\/\/goodpointchemicals.com\/en\/pood\/covid-19-rapid-tests\/covid-19-kiirtest-newgene-koduseks-kasutuseks-ninast\/\"]}]},{\"@type\":\"ImageObject\",\"inLanguage\":\"en-US\",\"@id\":\"https:\/\/goodpointchemicals.com\/en\/pood\/covid-19-rapid-tests\/covid-19-kiirtest-newgene-koduseks-kasutuseks-ninast\/#primaryimage\",\"url\":\"https:\/\/goodpointchemicals.com\/wp-content\/uploads\/2024\/11\/newgene-kiirtest-1.jpg\",\"contentUrl\":\"https:\/\/goodpointchemicals.com\/wp-content\/uploads\/2024\/11\/newgene-kiirtest-1.jpg\",\"width\":1000,\"height\":670},{\"@type\":\"BreadcrumbList\",\"@id\":\"https:\/\/goodpointchemicals.com\/en\/pood\/covid-19-rapid-tests\/covid-19-kiirtest-newgene-koduseks-kasutuseks-ninast\/#breadcrumb\",\"itemListElement\":[{\"@type\":\"ListItem\",\"position\":1,\"name\":\"Avaleht\",\"item\":\"https:\/\/goodpointchemicals.com\/en\/\"},{\"@type\":\"ListItem\",\"position\":2,\"name\":\"Products\",\"item\":\"https:\/\/goodpointchemicals.com\/en\/products\/\"},{\"@type\":\"ListItem\",\"position\":3,\"name\":\"COVID-19 kiirtest NEWGENE koduseks kasutuseks (ninast)\"}]},{\"@type\":\"WebSite\",\"@id\":\"https:\/\/goodpointchemicals.com\/en\/#website\",\"url\":\"https:\/\/goodpointchemicals.com\/en\/\",\"name\":\"Goodpoint Chemicals\",\"description\":\"Antiseptikumid ja desinfektsioonivahendid Eesti tootjalt!\",\"publisher\":{\"@id\":\"https:\/\/goodpointchemicals.com\/en\/#organization\"},\"potentialAction\":[{\"@type\":\"SearchAction\",\"target\":{\"@type\":\"EntryPoint\",\"urlTemplate\":\"https:\/\/goodpointchemicals.com\/en\/?s={search_term_string}\"},\"query-input\":{\"@type\":\"PropertyValueSpecification\",\"valueRequired\":true,\"valueName\":\"search_term_string\"}}],\"inLanguage\":\"en-US\"},{\"@type\":\"Organization\",\"@id\":\"https:\/\/goodpointchemicals.com\/en\/#organization\",\"name\":\"Goodpoint Chemicals O\u00dc\",\"alternateName\":\"Goodpoint Chemicals\",\"url\":\"https:\/\/goodpointchemicals.com\/en\/\",\"logo\":{\"@type\":\"ImageObject\",\"inLanguage\":\"en-US\",\"@id\":\"https:\/\/goodpointchemicals.com\/en\/#\/schema\/logo\/image\/\",\"url\":\"https:\/\/goodpointchemicals.com\/wp-content\/uploads\/2024\/07\/logo.png\",\"contentUrl\":\"https:\/\/goodpointchemicals.com\/wp-content\/uploads\/2024\/07\/logo.png\",\"width\":360,\"height\":100,\"caption\":\"Goodpoint Chemicals O\u00dc\"},\"image\":{\"@id\":\"https:\/\/goodpointchemicals.com\/en\/#\/schema\/logo\/image\/\"}}]}<\/script>\n<!-- \/ Yoast SEO plugin. -->","yoast_head_json":{"title":"COVID-19 kiirtest NEWGENE koduseks kasutuseks (ninast) | Goodpoint Chemicals","robots":{"index":"index","follow":"follow","max-snippet":"max-snippet:-1","max-image-preview":"max-image-preview:large","max-video-preview":"max-video-preview:-1"},"canonical":"https:\/\/goodpointchemicals.com\/en\/pood\/covid-19-rapid-tests\/covid-19-kiirtest-newgene-koduseks-kasutuseks-ninast\/","og_locale":"en_US","og_type":"article","og_title":"COVID-19 kiirtest NEWGENE koduseks kasutuseks (ninast) | Goodpoint Chemicals","og_description":"Newgene on Euroopa Liidus kindlaks m\u00e4\u00e4ratud t\u00f5ep\u00e4rase tulemusega (verifitseeritud) antigeeni kiirtest. SARS-CoV-2 Newgene antigeeni kiirtesti komplekt tuvastab COVID-19 \u00e4gedas faasis","og_url":"https:\/\/goodpointchemicals.com\/en\/pood\/covid-19-rapid-tests\/covid-19-kiirtest-newgene-koduseks-kasutuseks-ninast\/","og_site_name":"Goodpoint Chemicals","article_modified_time":"2024-12-23T16:13:57+00:00","og_image":[{"width":1000,"height":670,"url":"https:\/\/goodpointchemicals.com\/wp-content\/uploads\/2024\/11\/newgene-kiirtest-1.jpg","type":"image\/jpeg"}],"twitter_card":"summary_large_image","twitter_misc":{"Est. reading time":"1 minute"},"schema":{"@context":"https:\/\/schema.org","@graph":[{"@type":"WebPage","@id":"https:\/\/goodpointchemicals.com\/en\/pood\/covid-19-rapid-tests\/covid-19-kiirtest-newgene-koduseks-kasutuseks-ninast\/","url":"https:\/\/goodpointchemicals.com\/en\/pood\/covid-19-rapid-tests\/covid-19-kiirtest-newgene-koduseks-kasutuseks-ninast\/","name":"COVID-19 kiirtest NEWGENE koduseks kasutuseks (ninast) | Goodpoint Chemicals","isPartOf":{"@id":"https:\/\/goodpointchemicals.com\/en\/#website"},"primaryImageOfPage":{"@id":"https:\/\/goodpointchemicals.com\/en\/pood\/covid-19-rapid-tests\/covid-19-kiirtest-newgene-koduseks-kasutuseks-ninast\/#primaryimage"},"image":{"@id":"https:\/\/goodpointchemicals.com\/en\/pood\/covid-19-rapid-tests\/covid-19-kiirtest-newgene-koduseks-kasutuseks-ninast\/#primaryimage"},"thumbnailUrl":"https:\/\/goodpointchemicals.com\/wp-content\/uploads\/2024\/11\/newgene-kiirtest-1.jpg","datePublished":"2022-08-30T05:05:24+00:00","dateModified":"2024-12-23T16:13:57+00:00","breadcrumb":{"@id":"https:\/\/goodpointchemicals.com\/en\/pood\/covid-19-rapid-tests\/covid-19-kiirtest-newgene-koduseks-kasutuseks-ninast\/#breadcrumb"},"inLanguage":"en-US","potentialAction":[{"@type":"ReadAction","target":["https:\/\/goodpointchemicals.com\/en\/pood\/covid-19-rapid-tests\/covid-19-kiirtest-newgene-koduseks-kasutuseks-ninast\/"]}]},{"@type":"ImageObject","inLanguage":"en-US","@id":"https:\/\/goodpointchemicals.com\/en\/pood\/covid-19-rapid-tests\/covid-19-kiirtest-newgene-koduseks-kasutuseks-ninast\/#primaryimage","url":"https:\/\/goodpointchemicals.com\/wp-content\/uploads\/2024\/11\/newgene-kiirtest-1.jpg","contentUrl":"https:\/\/goodpointchemicals.com\/wp-content\/uploads\/2024\/11\/newgene-kiirtest-1.jpg","width":1000,"height":670},{"@type":"BreadcrumbList","@id":"https:\/\/goodpointchemicals.com\/en\/pood\/covid-19-rapid-tests\/covid-19-kiirtest-newgene-koduseks-kasutuseks-ninast\/#breadcrumb","itemListElement":[{"@type":"ListItem","position":1,"name":"Avaleht","item":"https:\/\/goodpointchemicals.com\/en\/"},{"@type":"ListItem","position":2,"name":"Products","item":"https:\/\/goodpointchemicals.com\/en\/products\/"},{"@type":"ListItem","position":3,"name":"COVID-19 kiirtest NEWGENE koduseks kasutuseks (ninast)"}]},{"@type":"WebSite","@id":"https:\/\/goodpointchemicals.com\/en\/#website","url":"https:\/\/goodpointchemicals.com\/en\/","name":"Goodpoint Chemicals","description":"Antiseptikumid ja desinfektsioonivahendid Eesti tootjalt!","publisher":{"@id":"https:\/\/goodpointchemicals.com\/en\/#organization"},"potentialAction":[{"@type":"SearchAction","target":{"@type":"EntryPoint","urlTemplate":"https:\/\/goodpointchemicals.com\/en\/?s={search_term_string}"},"query-input":{"@type":"PropertyValueSpecification","valueRequired":true,"valueName":"search_term_string"}}],"inLanguage":"en-US"},{"@type":"Organization","@id":"https:\/\/goodpointchemicals.com\/en\/#organization","name":"Goodpoint Chemicals O\u00dc","alternateName":"Goodpoint Chemicals","url":"https:\/\/goodpointchemicals.com\/en\/","logo":{"@type":"ImageObject","inLanguage":"en-US","@id":"https:\/\/goodpointchemicals.com\/en\/#\/schema\/logo\/image\/","url":"https:\/\/goodpointchemicals.com\/wp-content\/uploads\/2024\/07\/logo.png","contentUrl":"https:\/\/goodpointchemicals.com\/wp-content\/uploads\/2024\/07\/logo.png","width":360,"height":100,"caption":"Goodpoint Chemicals O\u00dc"},"image":{"@id":"https:\/\/goodpointchemicals.com\/en\/#\/schema\/logo\/image\/"}}]}},"_links":{"self":[{"href":"https:\/\/goodpointchemicals.com\/en\/wp-json\/wp\/v2\/product\/14132","targetHints":{"allow":["GET"]}}],"collection":[{"href":"https:\/\/goodpointchemicals.com\/en\/wp-json\/wp\/v2\/product"}],"about":[{"href":"https:\/\/goodpointchemicals.com\/en\/wp-json\/wp\/v2\/types\/product"}],"version-history":[{"count":1,"href":"https:\/\/goodpointchemicals.com\/en\/wp-json\/wp\/v2\/product\/14132\/revisions"}],"predecessor-version":[{"id":22406,"href":"https:\/\/goodpointchemicals.com\/en\/wp-json\/wp\/v2\/product\/14132\/revisions\/22406"}],"wp:featuredmedia":[{"embeddable":true,"href":"https:\/\/goodpointchemicals.com\/en\/wp-json\/wp\/v2\/media\/14133"}],"wp:attachment":[{"href":"https:\/\/goodpointchemicals.com\/en\/wp-json\/wp\/v2\/media?parent=14132"}],"wp:term":[{"taxonomy":"product_brand","embeddable":true,"href":"https:\/\/goodpointchemicals.com\/en\/wp-json\/wp\/v2\/product_brand?post=14132"},{"taxonomy":"product_cat","embeddable":true,"href":"https:\/\/goodpointchemicals.com\/en\/wp-json\/wp\/v2\/product_cat?post=14132"},{"taxonomy":"product_tag","embeddable":true,"href":"https:\/\/goodpointchemicals.com\/en\/wp-json\/wp\/v2\/product_tag?post=14132"}],"curies":[{"name":"wp","href":"https:\/\/api.w.org\/{rel}","templated":true}]}}